{"id":461,"date":"2023-07-27T10:44:36","date_gmt":"2023-07-27T13:44:36","guid":{"rendered":"https:\/\/cavalheiroengenharia.com.br\/?page_id=461"},"modified":"2024-07-04T16:23:23","modified_gmt":"2024-07-04T19:23:23","slug":"manutencao","status":"publish","type":"page","link":"https:\/\/cavalheiroengenharia.com.br\/index.php\/manutencao\/","title":{"rendered":"Consultoria em Projetos de Engenharia,  Servi\u00e7os de Manuten\u00e7\u00e3o &#038; Processos"},"content":{"rendered":"<div data-colibri-id=\"461-c1\" class=\"style-572 style-local-461-c1 position-relative\">\n  <!---->\n  <div data-colibri-component=\"section\" data-colibri-id=\"461-c2\" id=\"about\" class=\"h-section h-section-global-spacing d-flex align-items-lg-center align-items-md-center align-items-center style-616 style-local-461-c2 position-relative\">\n    <!---->\n    <!---->\n    <div class=\"h-section-grid-container h-section-boxed-container\">\n      <div data-colibri-id=\"461-c7\" class=\"h-row-container gutters-row-lg-2 gutters-row-md-2 gutters-row-2 gutters-row-v-lg-2 gutters-row-v-md-2 gutters-row-v-2 style-621 style-local-461-c7 position-relative\">\n        <!---->\n        <div class=\"h-row justify-content-lg-center justify-content-md-center justify-content-center align-items-lg-stretch align-items-md-stretch align-items-stretch gutters-col-lg-2 gutters-col-md-2 gutters-col-2 gutters-col-v-lg-2 gutters-col-v-md-2 gutters-col-v-2\">\n          <!---->\n          <div class=\"h-column h-column-container d-flex h-col-lg-auto h-col-md-auto h-col-auto style-622-outer style-local-461-c8-outer\">\n            <div data-colibri-id=\"461-c8\" class=\"d-flex h-flex-basis h-column__inner h-px-lg-2 h-px-md-2 h-px-2 v-inner-lg-2 v-inner-md-2 v-inner-2 style-622 style-local-461-c8 position-relative\">\n              <!---->\n              <!---->\n              <div class=\"w-100 h-y-container h-column__content h-column__v-align flex-basis-100 align-self-lg-start align-self-md-start align-self-start\">\n                <!---->\n                <div data-colibri-id=\"461-c9\" class=\"h-global-transition-all h-heading style-624 style-local-461-c9 position-relative h-element\">\n                  <!---->\n                  <div class=\"h-heading__outer style-624 style-local-461-c9\">\n                    <!---->\n                    <!---->\n                    <h2 class=\"\">Projetos, Consultoria, Treinamentos, Retrofit&#8217;s e Manuten\u00e7\u00e3o.<\/h2>\n                  <\/div>\n                <\/div>\n                <div data-colibri-id=\"461-c10\" class=\"h-lead h-text h-text-component style-625 style-local-461-c10 position-relative h-element\">\n                  <!---->\n                  <!---->\n                  <div class=\"\">\n                    <p><span style=\"font-size: 1.1em;\">Projetos e servi\u00e7os para ind\u00fastrias nas \u00e1reas Farmac\u00eauticas, Cosm\u00e9ticos, Hospitalar e Aliment\u00edcias.<br><br><\/span><span style=\"font-size: 21.296px; color: rgb(37, 41, 42); font-family: &quot;Open Sans&quot;; font-weight: 400;\">Viabilidades em redu\u00e7\u00e3o de custo nas \u00e1reas de manuten\u00e7\u00e3o, utilidades e processos.<\/span>\n                      <span\n                        style=\"font-size: 1.1em;\">\n                        <br>\n                        <br>Especializa\u00e7\u00e3o em consultoria de projetos para sistemas de aguas farmac\u00eauticas PW e WFI,&nbsp;<\/span><span style=\"font-size: 21.296px;\">An\u00e1lises de performance, TOC, Diagn\u00f3sticos em sistema de Osmose Reversa,&nbsp;<\/span>\n                        <span\n                          style=\"font-size: 1.1em;\">(loop), pontos de uso, sanitiza\u00e7\u00f5es, treinamentos e manuten\u00e7\u00f5es.<\/span>\n                    <\/p>\n                  <\/div>\n                <\/div>\n                <div data-colibri-id=\"461-c11\" class=\"h-x-container style-626 style-local-461-c11 position-relative h-element\">\n                  <!---->\n                  <div class=\"h-x-container-inner style-dynamic-461-c11-group style-626-spacing style-local-461-c11-spacing\"><span class=\"h-button__outer style-627-outer style-local-461-c12-outer d-inline-flex h-element\"><a h-use-smooth-scroll=\"true\" href=\"https:\/\/cavalheiroengenharia.com.br\/index.php\/solicitacao-de-reuniao\/\"  data-colibri-id=\"461-c12\" class=\"d-flex w-100 align-items-center h-button justify-content-lg-center justify-content-md-center justify-content-center style-627 style-local-461-c12 position-relative\"><!----><!----> <span>Agende uma reuni\u00e3o com nossos especialistas<\/span><\/a>\n                    <\/span>\n                  <\/div>\n                <\/div>\n              <\/div>\n            <\/div>\n          <\/div>\n        <\/div>\n      <\/div>\n      <div data-colibri-id=\"461-c3\" class=\"h-row-container gutters-row-lg-0 gutters-row-md-0 gutters-row-0 gutters-row-v-lg-0 gutters-row-v-md-0 gutters-row-v-0 style-617 style-local-461-c3 h-overflow-hidden position-relative\">\n        <!---->\n        <div class=\"h-row justify-content-lg-center justify-content-md-center justify-content-center align-items-lg-end align-items-md-end align-items-end gutters-col-lg-0 gutters-col-md-0 gutters-col-0 gutters-col-v-lg-0 gutters-col-v-md-0 gutters-col-v-0\">\n          <!---->\n          <div class=\"h-column h-column-container d-flex h-col-lg-auto h-col-md-auto h-col-auto align-self-lg-end align-self-md-end align-self-end style-618-outer style-local-461-c4-outer\">\n            <div data-colibri-id=\"461-c4\" class=\"d-flex h-flex-basis h-column__inner h-ui-empty-state-container h-px-lg-0 h-px-md-0 h-px-0 v-inner-lg-0 v-inner-md-0 v-inner-0 style-618 style-local-461-c4 position-relative\">\n              <!---->\n              <!---->\n              <div class=\"w-100 h-y-container h-column__content h-column__v-align flex-basis-100\">\n                <!---->\n              <\/div>\n            <\/div>\n          <\/div>\n          <div class=\"h-column h-column-container d-flex h-col-lg-auto h-col-md-auto h-col-auto align-self-lg-end align-self-md-end align-self-end style-619-outer style-local-461-c5-outer\">\n            <div data-colibri-id=\"461-c5\" class=\"d-flex h-flex-basis h-column__inner h-ui-empty-state-container h-px-lg-0 h-px-md-0 h-px-0 v-inner-lg-0 v-inner-md-0 v-inner-0 style-619 style-local-461-c5 position-relative\">\n              <!---->\n              <!---->\n              <div class=\"w-100 h-y-container h-column__content h-column__v-align flex-basis-100\">\n                <!---->\n              <\/div>\n            <\/div>\n          <\/div>\n          <div class=\"h-column h-column-container d-flex h-col-lg-auto h-col-md-auto h-col-auto align-self-lg-end align-self-md-end align-self-end style-620-outer style-local-461-c6-outer\">\n            <div data-colibri-id=\"461-c6\" class=\"d-flex h-flex-basis h-column__inner h-ui-empty-state-container h-px-lg-0 h-px-md-0 h-px-0 v-inner-lg-0 v-inner-md-0 v-inner-0 style-620 style-local-461-c6 position-relative\">\n              <!---->\n              <!---->\n              <div class=\"w-100 h-y-container h-column__content h-column__v-align flex-basis-100\">\n                <!---->\n              <\/div>\n            <\/div>\n          <\/div>\n        <\/div>\n      <\/div>\n    <\/div>\n  <\/div>\n  <div data-colibri-component=\"section\" data-colibri-id=\"461-c13\" id=\"about-2\" class=\"h-section h-section-global-spacing d-flex align-items-lg-center align-items-md-center align-items-center style-870 style-local-461-c13 position-relative\">\n    <!---->\n    <!---->\n    <div class=\"h-section-grid-container h-section-boxed-container\">\n      <!---->\n      <div data-colibri-id=\"461-c14\" class=\"h-row-container gutters-row-lg-0 gutters-row-md-0 gutters-row-0 gutters-row-v-lg-0 gutters-row-v-md-0 gutters-row-v-0 style-871 style-local-461-c14 position-relative\">\n        <!---->\n        <div class=\"h-row justify-content-lg-center justify-content-md-center justify-content-center align-items-lg-stretch align-items-md-stretch align-items-stretch gutters-col-lg-0 gutters-col-md-0 gutters-col-0 gutters-col-v-lg-0 gutters-col-v-md-0 gutters-col-v-0\">\n          <!---->\n          <div class=\"h-column h-column-container d-flex h-col-lg-auto h-col-md-auto h-col-auto style-872-outer style-local-461-c15-outer\">\n            <div data-colibri-id=\"461-c15\" class=\"d-flex h-flex-basis h-column__inner h-px-lg-0 h-px-md-0 h-px-0 v-inner-lg-0 v-inner-md-0 v-inner-0 style-872 style-local-461-c15 position-relative\">\n              <!---->\n              <!---->\n              <div class=\"w-100 h-y-container h-column__content h-column__v-align flex-basis-100 align-self-lg-start align-self-md-start align-self-start\">\n                <!---->\n                <div data-colibri-id=\"461-c16\" class=\"h-global-transition-all h-heading style-874 style-local-461-c16 position-relative h-element\">\n                  <!---->\n                  <div class=\"h-heading__outer style-874 style-local-461-c16\">\n                    <!---->\n                    <!---->\n                    <h2 class=\"\">Normas da Industria Farmac\u00eautica<\/h2>\n                  <\/div>\n                <\/div>\n                <div data-colibri-id=\"461-c17\" class=\"h-text h-text-component style-875 style-local-461-c17 position-relative h-element\">\n                  <!---->\n                  <!---->\n                  <div class=\"\">\n                    <p><span style=\"color: rgb(64, 85, 169); font-family: &quot;Open Sans&quot;; font-size: 16px; font-weight: 400;\">Seguimos as NORMAS ASME BPE&nbsp;e requisitos aplic\u00e1veis ao projeto de equipamentos usados nas ind\u00fastrias do setor Farmac\u00eautico<\/span><\/p>\n                  <\/div>\n                <\/div>\n                <div data-colibri-id=\"461-c18\" class=\"h-x-container style-877 style-local-461-c18 position-relative h-element\">\n                  <!---->\n                  <div class=\"h-x-container-inner style-dynamic-461-c18-group style-877-spacing style-local-461-c18-spacing\"><span class=\"h-button__outer style-878-outer style-local-461-c19-outer d-inline-flex h-element\"><a h-use-smooth-scroll=\"true\" href=\"https:\/\/www.asme.org\/codes-standards\/find-codes-standards\/bpe-bioprocessing-equipment-(1)\/2019\/drm-enabled-pdf\" target=\"_blank\" data-colibri-id=\"461-c19\" class=\"d-flex w-100 align-items-center h-button justify-content-lg-center justify-content-md-center justify-content-center style-878 style-local-461-c19 position-relative\" rel=\"noopener\"><!----><!----> <span>Normas AMSE BPE<\/span><\/a>\n                    <\/span>\n                  <\/div>\n                <\/div>\n              <\/div>\n            <\/div>\n          <\/div>\n          <div class=\"h-column h-column-container d-flex h-col-lg-auto h-col-md-auto h-col-auto style-876-outer style-local-461-c20-outer\">\n            <div data-colibri-id=\"461-c20\" class=\"d-flex h-flex-basis h-column__inner h-ui-empty-state-container h-px-lg-2 h-px-md-2 h-px-2 v-inner-lg-2 v-inner-md-2 v-inner-2 style-876 style-local-461-c20 position-relative\">\n              <!---->\n              <!---->\n              <div class=\"w-100 h-y-container h-column__content h-column__v-align flex-basis-100\">\n                <!---->\n              <\/div>\n            <\/div>\n          <\/div>\n        <\/div>\n      <\/div>\n    <\/div>\n  <\/div>\n  <div data-colibri-component=\"section\" data-colibri-id=\"461-c21\" id=\"custom\" class=\"h-section h-section-global-spacing d-flex align-items-lg-center align-items-md-center align-items-center style-833 style-local-461-c21 position-relative\">\n    <!---->\n    <!---->\n    <div class=\"h-section-grid-container h-section-boxed-container\">\n      <!---->\n      <div data-colibri-id=\"461-c22\" class=\"h-row-container gutters-row-lg-1 gutters-row-md-1 gutters-row-0 gutters-row-v-lg-1 gutters-row-v-md-1 gutters-row-v-1 style-834 style-local-461-c22 position-relative\">\n        <!---->\n        <div class=\"h-row justify-content-lg-center justify-content-md-center justify-content-center align-items-lg-stretch align-items-md-stretch align-items-stretch gutters-col-lg-1 gutters-col-md-1 gutters-col-0 gutters-col-v-lg-1 gutters-col-v-md-1 gutters-col-v-1\">\n          <!---->\n          <div class=\"h-column h-column-container d-flex h-col-lg-auto h-col-md-auto h-col-auto style-835-outer style-local-461-c23-outer\">\n            <div data-colibri-id=\"461-c23\" class=\"d-flex h-flex-basis h-column__inner h-ui-empty-state-container h-px-lg-1 h-px-md-1 h-px-1 v-inner-lg-1 v-inner-md-1 v-inner-1 style-835 style-local-461-c23 position-relative\">\n              <!---->\n              <!---->\n              <div class=\"w-100 h-y-container h-column__content h-column__v-align flex-basis-100\">\n                <!---->\n              <\/div>\n            <\/div>\n          <\/div>\n          <div class=\"h-column h-column-container d-flex h-col-lg-auto h-col-md-auto h-col-auto style-836-outer style-local-461-c24-outer\">\n            <div data-colibri-id=\"461-c24\" class=\"d-flex h-flex-basis h-column__inner h-px-lg-0 h-px-md-0 h-px-0 v-inner-lg-0 v-inner-md-0 v-inner-0 style-836 style-local-461-c24 position-relative\">\n              <!---->\n              <!---->\n              <div class=\"w-100 h-y-container h-column__content h-column__v-align flex-basis-100 align-self-lg-start align-self-md-start align-self-start\">\n                <!---->\n                <div data-colibri-id=\"461-c25\" class=\"d-block style-841 style-local-461-c25 position-relative h-element\">\n                  <!---->\n                  <div class=\"h-image__frame-container-outer\">\n                    <div class=\"h-image__frame-container\">\n                      <!---->\n                      <!---->\n                      <img decoding=\"async\" loading=\"lazy\" width=\"1920\" height=\"471\" src=\"https:\/\/cavalheiroengenharia.com.br\/wp-content\/uploads\/2023\/07\/logos.png\" class=\"wp-image-14 style-841-image style-local-461-c25-image\" srcset=\"https:\/\/cavalheiroengenharia.com.br\/wp-content\/uploads\/2023\/07\/logos.png 1920w, https:\/\/cavalheiroengenharia.com.br\/wp-content\/uploads\/2023\/07\/logos-300x74.png 300w, https:\/\/cavalheiroengenharia.com.br\/wp-content\/uploads\/2023\/07\/logos-1024x251.png 1024w, https:\/\/cavalheiroengenharia.com.br\/wp-content\/uploads\/2023\/07\/logos-768x188.png 768w, https:\/\/cavalheiroengenharia.com.br\/wp-content\/uploads\/2023\/07\/logos-1536x377.png 1536w\" sizes=\"(max-width: 1920px) 100vw, 1920px\" alt=\"\" \/>\n                      <div class=\"h-image__frame h-hide-lg h-hide-md h-hide-sm style-841-frameImage style-local-461-c25-frameImage\"><\/div>\n                    <\/div>\n                  <\/div>\n                <\/div>\n              <\/div>\n            <\/div>\n          <\/div>\n          <div class=\"h-column h-column-container d-flex h-col-lg-auto h-col-md-auto h-col-auto style-837-outer style-local-461-c26-outer\">\n            <div data-colibri-id=\"461-c26\" class=\"d-flex h-flex-basis h-column__inner h-px-lg-0 h-px-md-0 h-px-0 v-inner-lg-0 v-inner-md-0 v-inner-0 style-837 style-local-461-c26 position-relative\">\n              <!---->\n              <!---->\n              <div class=\"w-100 h-y-container h-column__content h-column__v-align flex-basis-100 align-self-lg-start align-self-md-start align-self-start\">\n                <!---->\n                <div data-colibri-id=\"461-c27\" class=\"h-text h-text-component style-839 style-local-461-c27 position-relative h-element\">\n                  <!---->\n                  <!---->\n                  <div class=\"\">\n                    <p><span style=\"font-weight: 400; font-size: 16px; font-family: &quot;Open Sans&quot;; color: rgb(246, 248, 250);\">Cavalheiro Engenharia &amp; Utilidades Ltda.<\/span>\n                      <br><span style=\"font-weight: 400; font-size: 16px; font-family: &quot;Open Sans&quot;; color: rgb(246, 248, 250);\">&nbsp;<\/span>\n                      <br><span style=\"font-weight: 400; font-size: 16px; font-family: &quot;Open Sans&quot;; color: rgb(246, 248, 250);\">Sorocaba- SP<\/span>\n                      <br><span style=\"font-weight: 400; font-size: 16px; font-family: &quot;Open Sans&quot;; color: rgb(246, 248, 250);\">Tel:&nbsp;(15) 99267-2879<\/span><\/p>\n                  <\/div>\n                <\/div>\n              <\/div>\n            <\/div>\n          <\/div>\n          <div class=\"h-column h-column-container d-flex h-col-lg-auto h-col-md-auto h-col-auto style-838-outer style-local-461-c28-outer\">\n            <div data-colibri-id=\"461-c28\" class=\"d-flex h-flex-basis h-column__inner h-ui-empty-state-container h-px-lg-0 h-px-md-0 h-px-0 v-inner-lg-0 v-inner-md-0 v-inner-0 style-838 style-local-461-c28 position-relative\">\n              <!---->\n              <!---->\n              <div class=\"w-100 h-y-container h-column__content h-column__v-align flex-basis-100\">\n                <!---->\n              <\/div>\n            <\/div>\n          <\/div>\n        <\/div>\n      <\/div>\n    <\/div>\n  <\/div>\n<\/div>","protected":false},"excerpt":{"rendered":"<p>Projetos, Consultoria, Treinamentos, Retrofit&#8217;s e Manuten\u00e7\u00e3o. Projetos e servi\u00e7os para ind\u00fastrias nas \u00e1reas Farmac\u00eauticas, Cosm\u00e9ticos, Hospitalar e Aliment\u00edcias.Viabilidades em redu\u00e7\u00e3o de custo nas \u00e1reas de manuten\u00e7\u00e3o, utilidades e processos. Especializa\u00e7\u00e3o em consultoria de projetos para sistemas de aguas farmac\u00eauticas PW e WFI,&nbsp;An\u00e1lises de performance, TOC, Diagn\u00f3sticos em sistema de Osmose Reversa,&nbsp; (loop), pontos de uso, [&hellip;]<\/p>\n","protected":false},"author":2,"featured_media":0,"parent":0,"menu_order":0,"comment_status":"closed","ping_status":"closed","template":"page-templates\/homepage.php","meta":{"content-type":""},"yoast_head":"<!-- This site is optimized with the Yoast SEO plugin v21.7 - https:\/\/yoast.com\/wordpress\/plugins\/seo\/ -->\n<title>Consultoria em Projetos de Engenharia, Servi\u00e7os de Manuten\u00e7\u00e3o &amp; Processos - Cavalheiro Engenharia &amp; Utilidades<\/title>\n<meta name=\"robots\" content=\"index, follow, max-snippet:-1, max-image-preview:large, max-video-preview:-1\" \/>\n<link rel=\"canonical\" href=\"https:\/\/cavalheiroengenharia.com.br\/index.php\/manutencao\/\" \/>\n<meta property=\"og:locale\" content=\"en_US\" \/>\n<meta property=\"og:type\" content=\"article\" \/>\n<meta property=\"og:title\" content=\"Consultoria em Projetos de Engenharia, Servi\u00e7os de Manuten\u00e7\u00e3o &amp; Processos - Cavalheiro Engenharia &amp; Utilidades\" \/>\n<meta property=\"og:description\" content=\"Projetos, Consultoria, Treinamentos, Retrofit&#8217;s e Manuten\u00e7\u00e3o. Projetos e servi\u00e7os para ind\u00fastrias nas \u00e1reas Farmac\u00eauticas, Cosm\u00e9ticos, Hospitalar e Aliment\u00edcias.Viabilidades em redu\u00e7\u00e3o de custo nas \u00e1reas de manuten\u00e7\u00e3o, utilidades e processos. Especializa\u00e7\u00e3o em consultoria de projetos para sistemas de aguas farmac\u00eauticas PW e WFI,&nbsp;An\u00e1lises de performance, TOC, Diagn\u00f3sticos em sistema de Osmose Reversa,&nbsp; (loop), pontos de uso, [&hellip;]\" \/>\n<meta property=\"og:url\" content=\"https:\/\/cavalheiroengenharia.com.br\/index.php\/manutencao\/\" \/>\n<meta property=\"og:site_name\" content=\"Cavalheiro Engenharia &amp; Utilidades\" \/>\n<meta property=\"article:modified_time\" content=\"2024-07-04T19:23:23+00:00\" \/>\n<meta property=\"og:image\" content=\"https:\/\/cavalheiroengenharia.com.br\/wp-content\/uploads\/2023\/07\/logos.png\" \/>\n<meta name=\"twitter:card\" content=\"summary_large_image\" \/>\n<meta name=\"twitter:label1\" content=\"Est. reading time\" \/>\n\t<meta name=\"twitter:data1\" content=\"1 minute\" \/>\n<script type=\"application\/ld+json\" class=\"yoast-schema-graph\">{\"@context\":\"https:\/\/schema.org\",\"@graph\":[{\"@type\":\"WebPage\",\"@id\":\"https:\/\/cavalheiroengenharia.com.br\/index.php\/manutencao\/\",\"url\":\"https:\/\/cavalheiroengenharia.com.br\/index.php\/manutencao\/\",\"name\":\"Consultoria em Projetos de Engenharia, Servi\u00e7os de Manuten\u00e7\u00e3o & Processos - Cavalheiro Engenharia &amp; Utilidades\",\"isPartOf\":{\"@id\":\"https:\/\/cavalheiroengenharia.com.br\/#website\"},\"datePublished\":\"2023-07-27T13:44:36+00:00\",\"dateModified\":\"2024-07-04T19:23:23+00:00\",\"breadcrumb\":{\"@id\":\"https:\/\/cavalheiroengenharia.com.br\/index.php\/manutencao\/#breadcrumb\"},\"inLanguage\":\"en-US\",\"potentialAction\":[{\"@type\":\"ReadAction\",\"target\":[\"https:\/\/cavalheiroengenharia.com.br\/index.php\/manutencao\/\"]}]},{\"@type\":\"BreadcrumbList\",\"@id\":\"https:\/\/cavalheiroengenharia.com.br\/index.php\/manutencao\/#breadcrumb\",\"itemListElement\":[{\"@type\":\"ListItem\",\"position\":1,\"name\":\"In\u00edcio\",\"item\":\"https:\/\/cavalheiroengenharia.com.br\/index.php\/parcerias\/\"},{\"@type\":\"ListItem\",\"position\":2,\"name\":\"Consultoria em Projetos de Engenharia, Servi\u00e7os de Manuten\u00e7\u00e3o &#038; Processos\"}]},{\"@type\":\"WebSite\",\"@id\":\"https:\/\/cavalheiroengenharia.com.br\/#website\",\"url\":\"https:\/\/cavalheiroengenharia.com.br\/\",\"name\":\"Cavalheiro Engenharia & Utilidades\",\"description\":\"\",\"publisher\":{\"@id\":\"https:\/\/cavalheiroengenharia.com.br\/#organization\"},\"potentialAction\":[{\"@type\":\"SearchAction\",\"target\":{\"@type\":\"EntryPoint\",\"urlTemplate\":\"https:\/\/cavalheiroengenharia.com.br\/?s={search_term_string}\"},\"query-input\":\"required name=search_term_string\"}],\"inLanguage\":\"en-US\"},{\"@type\":\"Organization\",\"@id\":\"https:\/\/cavalheiroengenharia.com.br\/#organization\",\"name\":\"Cavalheiro Engenharia & Utilidades\",\"url\":\"https:\/\/cavalheiroengenharia.com.br\/\",\"logo\":{\"@type\":\"ImageObject\",\"inLanguage\":\"en-US\",\"@id\":\"https:\/\/cavalheiroengenharia.com.br\/#\/schema\/logo\/image\/\",\"url\":\"https:\/\/cavalheiroengenharia.com.br\/wp-content\/uploads\/2023\/07\/logosb.png\",\"contentUrl\":\"https:\/\/cavalheiroengenharia.com.br\/wp-content\/uploads\/2023\/07\/logosb.png\",\"width\":1920,\"height\":471,\"caption\":\"Cavalheiro Engenharia & Utilidades\"},\"image\":{\"@id\":\"https:\/\/cavalheiroengenharia.com.br\/#\/schema\/logo\/image\/\"}}]}<\/script>\n<!-- \/ Yoast SEO plugin. -->","yoast_head_json":{"title":"Consultoria em Projetos de Engenharia, Servi\u00e7os de Manuten\u00e7\u00e3o & Processos - Cavalheiro Engenharia &amp; Utilidades","robots":{"index":"index","follow":"follow","max-snippet":"max-snippet:-1","max-image-preview":"max-image-preview:large","max-video-preview":"max-video-preview:-1"},"canonical":"https:\/\/cavalheiroengenharia.com.br\/index.php\/manutencao\/","og_locale":"en_US","og_type":"article","og_title":"Consultoria em Projetos de Engenharia, Servi\u00e7os de Manuten\u00e7\u00e3o & Processos - Cavalheiro Engenharia &amp; Utilidades","og_description":"Projetos, Consultoria, Treinamentos, Retrofit&#8217;s e Manuten\u00e7\u00e3o. Projetos e servi\u00e7os para ind\u00fastrias nas \u00e1reas Farmac\u00eauticas, Cosm\u00e9ticos, Hospitalar e Aliment\u00edcias.Viabilidades em redu\u00e7\u00e3o de custo nas \u00e1reas de manuten\u00e7\u00e3o, utilidades e processos. Especializa\u00e7\u00e3o em consultoria de projetos para sistemas de aguas farmac\u00eauticas PW e WFI,&nbsp;An\u00e1lises de performance, TOC, Diagn\u00f3sticos em sistema de Osmose Reversa,&nbsp; (loop), pontos de uso, [&hellip;]","og_url":"https:\/\/cavalheiroengenharia.com.br\/index.php\/manutencao\/","og_site_name":"Cavalheiro Engenharia &amp; Utilidades","article_modified_time":"2024-07-04T19:23:23+00:00","og_image":[{"url":"https:\/\/cavalheiroengenharia.com.br\/wp-content\/uploads\/2023\/07\/logos.png"}],"twitter_card":"summary_large_image","twitter_misc":{"Est. reading time":"1 minute"},"schema":{"@context":"https:\/\/schema.org","@graph":[{"@type":"WebPage","@id":"https:\/\/cavalheiroengenharia.com.br\/index.php\/manutencao\/","url":"https:\/\/cavalheiroengenharia.com.br\/index.php\/manutencao\/","name":"Consultoria em Projetos de Engenharia, Servi\u00e7os de Manuten\u00e7\u00e3o & Processos - Cavalheiro Engenharia &amp; Utilidades","isPartOf":{"@id":"https:\/\/cavalheiroengenharia.com.br\/#website"},"datePublished":"2023-07-27T13:44:36+00:00","dateModified":"2024-07-04T19:23:23+00:00","breadcrumb":{"@id":"https:\/\/cavalheiroengenharia.com.br\/index.php\/manutencao\/#breadcrumb"},"inLanguage":"en-US","potentialAction":[{"@type":"ReadAction","target":["https:\/\/cavalheiroengenharia.com.br\/index.php\/manutencao\/"]}]},{"@type":"BreadcrumbList","@id":"https:\/\/cavalheiroengenharia.com.br\/index.php\/manutencao\/#breadcrumb","itemListElement":[{"@type":"ListItem","position":1,"name":"In\u00edcio","item":"https:\/\/cavalheiroengenharia.com.br\/index.php\/parcerias\/"},{"@type":"ListItem","position":2,"name":"Consultoria em Projetos de Engenharia, Servi\u00e7os de Manuten\u00e7\u00e3o &#038; Processos"}]},{"@type":"WebSite","@id":"https:\/\/cavalheiroengenharia.com.br\/#website","url":"https:\/\/cavalheiroengenharia.com.br\/","name":"Cavalheiro Engenharia & Utilidades","description":"","publisher":{"@id":"https:\/\/cavalheiroengenharia.com.br\/#organization"},"potentialAction":[{"@type":"SearchAction","target":{"@type":"EntryPoint","urlTemplate":"https:\/\/cavalheiroengenharia.com.br\/?s={search_term_string}"},"query-input":"required name=search_term_string"}],"inLanguage":"en-US"},{"@type":"Organization","@id":"https:\/\/cavalheiroengenharia.com.br\/#organization","name":"Cavalheiro Engenharia & Utilidades","url":"https:\/\/cavalheiroengenharia.com.br\/","logo":{"@type":"ImageObject","inLanguage":"en-US","@id":"https:\/\/cavalheiroengenharia.com.br\/#\/schema\/logo\/image\/","url":"https:\/\/cavalheiroengenharia.com.br\/wp-content\/uploads\/2023\/07\/logosb.png","contentUrl":"https:\/\/cavalheiroengenharia.com.br\/wp-content\/uploads\/2023\/07\/logosb.png","width":1920,"height":471,"caption":"Cavalheiro Engenharia & Utilidades"},"image":{"@id":"https:\/\/cavalheiroengenharia.com.br\/#\/schema\/logo\/image\/"}}]}},"_links":{"self":[{"href":"https:\/\/cavalheiroengenharia.com.br\/index.php\/wp-json\/wp\/v2\/pages\/461"}],"collection":[{"href":"https:\/\/cavalheiroengenharia.com.br\/index.php\/wp-json\/wp\/v2\/pages"}],"about":[{"href":"https:\/\/cavalheiroengenharia.com.br\/index.php\/wp-json\/wp\/v2\/types\/page"}],"author":[{"embeddable":true,"href":"https:\/\/cavalheiroengenharia.com.br\/index.php\/wp-json\/wp\/v2\/users\/2"}],"replies":[{"embeddable":true,"href":"https:\/\/cavalheiroengenharia.com.br\/index.php\/wp-json\/wp\/v2\/comments?post=461"}],"version-history":[{"count":20,"href":"https:\/\/cavalheiroengenharia.com.br\/index.php\/wp-json\/wp\/v2\/pages\/461\/revisions"}],"predecessor-version":[{"id":3339,"href":"https:\/\/cavalheiroengenharia.com.br\/index.php\/wp-json\/wp\/v2\/pages\/461\/revisions\/3339"}],"wp:attachment":[{"href":"https:\/\/cavalheiroengenharia.com.br\/index.php\/wp-json\/wp\/v2\/media?parent=461"}],"curies":[{"name":"wp","href":"https:\/\/api.w.org\/{rel}","templated":true}]}}