{"id":466,"date":"2023-07-27T10:51:01","date_gmt":"2023-07-27T13:51:01","guid":{"rendered":"https:\/\/cavalheiroengenharia.com.br\/?page_id=466"},"modified":"2024-06-19T09:35:12","modified_gmt":"2024-06-19T12:35:12","slug":"projetos-especiais","status":"publish","type":"page","link":"https:\/\/cavalheiroengenharia.com.br\/index.php\/projetos-especiais\/","title":{"rendered":"Projetos Especiais"},"content":{"rendered":"<div data-colibri-id=\"466-c1\" class=\"style-641 style-local-466-c1 position-relative\">\n  <!---->\n  <div data-colibri-component=\"section\" data-colibri-id=\"466-c2\" id=\"about\" class=\"h-section h-section-global-spacing d-flex align-items-lg-center align-items-md-center align-items-center style-692 style-local-466-c2 position-relative\">\n    <!---->\n    <!---->\n    <div class=\"h-section-grid-container h-section-boxed-container\">\n      <div data-colibri-id=\"466-c10\" class=\"h-row-container gutters-row-lg-2 gutters-row-md-2 gutters-row-2 gutters-row-v-lg-2 gutters-row-v-md-2 gutters-row-v-2 style-697 style-local-466-c10 position-relative\">\n        <!---->\n        <div class=\"h-row justify-content-lg-center justify-content-md-center justify-content-center align-items-lg-stretch align-items-md-stretch align-items-stretch gutters-col-lg-2 gutters-col-md-2 gutters-col-2 gutters-col-v-lg-2 gutters-col-v-md-2 gutters-col-v-2\">\n          <!---->\n          <div class=\"h-column h-column-container d-flex h-col-lg-auto h-col-md-auto h-col-auto style-698-outer style-local-466-c11-outer\">\n            <div data-colibri-id=\"466-c11\" class=\"d-flex h-flex-basis h-column__inner h-px-lg-2 h-px-md-2 h-px-2 v-inner-lg-2 v-inner-md-2 v-inner-2 style-698 style-local-466-c11 position-relative\">\n              <!---->\n              <!---->\n              <div class=\"w-100 h-y-container h-column__content h-column__v-align flex-basis-100 align-self-lg-start align-self-md-start align-self-start\">\n                <!---->\n                <div data-colibri-id=\"466-c12\" class=\"h-global-transition-all h-heading style-700 style-local-466-c12 position-relative h-element\">\n                  <!---->\n                  <div class=\"h-heading__outer style-700 style-local-466-c12\">\n                    <!---->\n                    <!---->\n                    <h2 class=\"\">Projetos de Expans\u00f5es Especiais para Unidades Fabril e Industriais<\/h2>\n                  <\/div>\n                <\/div>\n                <div data-colibri-id=\"466-c13\" class=\"h-lead h-text h-text-component style-701 style-local-466-c13 position-relative h-element\">\n                  <!---->\n                  <!---->\n                  <div class=\"\">\n                    <p>Projetos industriais sob medida&nbsp;\n                      <br><span style=\"font-weight: 400; font-size: 14px; font-family: &quot;Open Sans&quot;, sans-serif; color: rgb(68, 68, 68);\">Projeto \u00e9 realizado junto ao cliente conforme as necessidade, em situa\u00e7\u00f5es especiais que demandam solu\u00e7\u00f5es &#8220;out-of-box&#8221; que possam ser incorporadas ao produto do projeto. <\/span><\/p>\n                  <\/div>\n                <\/div>\n                <div data-colibri-id=\"466-c14\" class=\"h-x-container style-702 style-local-466-c14 position-relative h-element\">\n                  <!---->\n                  <div class=\"h-x-container-inner style-dynamic-466-c14-group style-702-spacing style-local-466-c14-spacing\"><span class=\"h-button__outer style-703-outer style-local-466-c15-outer d-inline-flex h-element\"><a h-use-smooth-scroll=\"true\" href=\"https:\/\/cavalheiroengenharia.com.br\/index.php\/solicitacao-de-reuniao\/\"  data-colibri-id=\"466-c15\" class=\"d-flex w-100 align-items-center h-button justify-content-lg-center justify-content-md-center justify-content-center style-703 style-local-466-c15 position-relative\"><!----><!----> <span>Agende uma reuni\u00e3o com nossos especialistas<\/span><\/a>\n                    <\/span>\n                  <\/div>\n                <\/div>\n              <\/div>\n            <\/div>\n          <\/div>\n        <\/div>\n      <\/div>\n      <div data-colibri-id=\"466-c3\" class=\"h-row-container gutters-row-lg-0 gutters-row-md-0 gutters-row-0 gutters-row-v-lg-0 gutters-row-v-md-0 gutters-row-v-0 style-693 style-local-466-c3 h-overflow-hidden position-relative\">\n        <!---->\n        <div class=\"h-row justify-content-lg-center justify-content-md-center justify-content-center align-items-lg-end align-items-md-end align-items-end gutters-col-lg-0 gutters-col-md-0 gutters-col-0 gutters-col-v-lg-0 gutters-col-v-md-0 gutters-col-v-0\">\n          <!---->\n          <div class=\"h-column h-column-container d-flex h-col-lg-auto h-col-md-auto h-col-auto align-self-lg-end align-self-md-end align-self-end style-694-outer style-local-466-c4-outer\">\n            <div data-colibri-id=\"466-c4\" class=\"d-flex h-flex-basis h-column__inner h-ui-empty-state-container h-px-lg-0 h-px-md-0 h-px-0 v-inner-lg-0 v-inner-md-0 v-inner-0 style-694 style-local-466-c4 position-relative\">\n              <!---->\n              <!---->\n              <div class=\"w-100 h-y-container h-column__content h-column__v-align flex-basis-100\">\n                <!---->\n              <\/div>\n            <\/div>\n          <\/div>\n          <div class=\"h-column h-column-container d-flex h-col-lg-auto h-col-md-auto h-col-auto align-self-lg-end align-self-md-end align-self-end style-695-outer style-local-466-c5-outer\">\n            <div data-colibri-id=\"466-c5\" class=\"d-flex h-flex-basis h-column__inner h-ui-empty-state-container h-px-lg-0 h-px-md-0 h-px-0 v-inner-lg-0 v-inner-md-0 v-inner-0 style-695 style-local-466-c5 position-relative\">\n              <!---->\n              <!---->\n              <div class=\"w-100 h-y-container h-column__content h-column__v-align flex-basis-100\">\n                <!---->\n              <\/div>\n            <\/div>\n          <\/div>\n          <div class=\"h-column h-column-container d-flex h-col-lg-auto h-col-md-auto h-col-auto align-self-lg-end align-self-md-end align-self-end style-696-outer style-local-466-c6-outer\">\n            <div data-colibri-id=\"466-c6\" class=\"d-flex h-flex-basis h-column__inner h-ui-empty-state-container h-px-lg-0 h-px-md-0 h-px-0 v-inner-lg-0 v-inner-md-0 v-inner-0 style-696 style-local-466-c6 position-relative\">\n              <!---->\n              <!---->\n              <div class=\"w-100 h-y-container h-column__content h-column__v-align flex-basis-100\">\n                <!---->\n              <\/div>\n            <\/div>\n          <\/div>\n        <\/div>\n      <\/div>\n      <div data-colibri-id=\"466-c7\" class=\"h-row-container gutters-row-lg-2 gutters-row-md-2 gutters-row-0 gutters-row-v-lg-2 gutters-row-v-md-2 gutters-row-v-2 style-704 style-local-466-c7 position-relative\">\n        <!---->\n        <div class=\"h-row justify-content-lg-center justify-content-md-center justify-content-center align-items-lg-stretch align-items-md-stretch align-items-stretch gutters-col-lg-2 gutters-col-md-2 gutters-col-0 gutters-col-v-lg-2 gutters-col-v-md-2 gutters-col-v-2\">\n          <!---->\n          <div class=\"h-column h-column-container d-flex h-col-lg-auto h-col-md-auto h-col-auto style-705-outer style-local-466-c8-outer\">\n            <div data-colibri-id=\"466-c8\" class=\"d-flex h-flex-basis h-column__inner h-ui-empty-state-container h-px-lg-2 h-px-md-2 h-px-2 v-inner-lg-2 v-inner-md-2 v-inner-2 style-705 style-local-466-c8 position-relative\">\n              <!---->\n              <!---->\n              <div class=\"w-100 h-y-container h-column__content h-column__v-align flex-basis-100\">\n                <!---->\n              <\/div>\n            <\/div>\n          <\/div>\n          <div class=\"h-column h-column-container d-flex h-col-lg-auto h-col-md-auto h-col-auto style-706-outer style-local-466-c9-outer\">\n            <div data-colibri-id=\"466-c9\" class=\"d-flex h-flex-basis h-column__inner h-ui-empty-state-container h-px-lg-2 h-px-md-2 h-px-2 v-inner-lg-2 v-inner-md-2 v-inner-2 style-706 style-local-466-c9 position-relative\">\n              <!---->\n              <!---->\n              <div class=\"w-100 h-y-container h-column__content h-column__v-align flex-basis-100\">\n                <!---->\n              <\/div>\n            <\/div>\n          <\/div>\n        <\/div>\n      <\/div>\n    <\/div>\n  <\/div>\n  <div data-colibri-component=\"section\" data-colibri-id=\"466-c16\" id=\"custom\" class=\"h-section h-section-global-spacing d-flex align-items-lg-center align-items-md-center align-items-center style-672 style-local-466-c16 position-relative\">\n    <!---->\n    <!---->\n    <div class=\"h-section-grid-container h-section-fluid-container\">\n      <!---->\n      <div data-colibri-id=\"466-c17\" class=\"h-row-container gutters-row-lg-0 gutters-row-md-0 gutters-row-0 gutters-row-v-lg-0 gutters-row-v-md-0 gutters-row-v-0 style-673 style-local-466-c17 position-relative\">\n        <!---->\n        <div class=\"h-row justify-content-lg-start justify-content-md-start justify-content-start align-items-lg-stretch align-items-md-stretch align-items-stretch gutters-col-lg-0 gutters-col-md-0 gutters-col-0 gutters-col-v-lg-0 gutters-col-v-md-0 gutters-col-v-0\">\n          <!---->\n          <div class=\"h-column h-column-container d-flex h-col-lg-2 h-col-md-2 h-col-12 style-674-outer style-local-466-c18-outer\">\n            <div data-colibri-id=\"466-c18\" class=\"d-flex h-flex-basis h-column__inner h-ui-empty-state-container h-px-lg-0 h-px-md-0 h-px-0 v-inner-lg-0 v-inner-md-0 v-inner-0 style-674 style-local-466-c18 position-relative\">\n              <!---->\n              <!---->\n              <div class=\"w-100 h-y-container h-column__content h-column__v-align flex-basis-100\">\n                <!---->\n              <\/div>\n            <\/div>\n          <\/div>\n          <div class=\"h-column h-column-container d-flex h-col-lg-2 h-col-md-2 h-col-12 style-675-outer style-local-466-c19-outer\">\n            <div data-colibri-id=\"466-c19\" class=\"d-flex h-flex-basis h-column__inner h-px-lg-1 h-px-md-1 h-px-1 v-inner-lg-1 v-inner-md-1 v-inner-1 style-675 style-local-466-c19 position-relative\">\n              <!---->\n              <!---->\n              <div class=\"w-100 h-y-container h-column__content h-column__v-align flex-basis-100 align-self-lg-start align-self-md-start align-self-start\">\n                <!---->\n                <div data-colibri-id=\"466-c20\" class=\"d-block style-676 style-local-466-c20 position-relative h-element\">\n                  <!---->\n                  <div class=\"h-image__frame-container-outer\">\n                    <div class=\"h-image__frame-container\">\n                      <!---->\n                      <!---->\n                      <img decoding=\"async\" loading=\"lazy\" width=\"1920\" height=\"471\" src=\"https:\/\/cavalheiroengenharia.com.br\/wp-content\/uploads\/2023\/07\/logos.png\" class=\"wp-image-14 style-676-image style-local-466-c20-image\" srcset=\"https:\/\/cavalheiroengenharia.com.br\/wp-content\/uploads\/2023\/07\/logos.png 1920w, https:\/\/cavalheiroengenharia.com.br\/wp-content\/uploads\/2023\/07\/logos-300x74.png 300w, https:\/\/cavalheiroengenharia.com.br\/wp-content\/uploads\/2023\/07\/logos-1024x251.png 1024w, https:\/\/cavalheiroengenharia.com.br\/wp-content\/uploads\/2023\/07\/logos-768x188.png 768w, https:\/\/cavalheiroengenharia.com.br\/wp-content\/uploads\/2023\/07\/logos-1536x377.png 1536w\" sizes=\"(max-width: 1920px) 100vw, 1920px\" alt=\"\" \/>\n                      <div class=\"h-image__frame h-hide-lg h-hide-md h-hide-sm style-676-frameImage style-local-466-c20-frameImage\"><\/div>\n                    <\/div>\n                  <\/div>\n                <\/div>\n              <\/div>\n            <\/div>\n          <\/div>\n          <div class=\"h-column h-column-container d-flex h-col-lg-2 h-col-md-2 h-col-12 style-677-outer style-local-466-c21-outer\">\n            <div data-colibri-id=\"466-c21\" class=\"d-flex h-flex-basis h-column__inner h-ui-empty-state-container h-px-lg-1 h-px-md-1 h-px-1 v-inner-lg-1 v-inner-md-1 v-inner-1 style-677 style-local-466-c21 position-relative\">\n              <!---->\n              <!---->\n              <div class=\"w-100 h-y-container h-column__content h-column__v-align flex-basis-100\">\n                <!---->\n              <\/div>\n            <\/div>\n          <\/div>\n          <div class=\"h-column h-column-container d-flex h-col-lg-2 h-col-md-2 h-col-12 style-678-outer style-local-466-c22-outer\">\n            <div data-colibri-id=\"466-c22\" class=\"d-flex h-flex-basis h-column__inner h-px-lg-0 h-px-md-0 h-px-0 v-inner-lg-0 v-inner-md-0 v-inner-0 style-678 style-local-466-c22 position-relative\">\n              <!---->\n              <!---->\n              <div class=\"w-100 h-y-container h-column__content h-column__v-align flex-basis-100 align-self-lg-start align-self-md-start align-self-start\">\n                <!---->\n                <div data-colibri-id=\"466-c23\" class=\"h-text h-text-component style-679 style-local-466-c23 position-relative h-element\">\n                  <!---->\n                  <!---->\n                  <div class=\"\">\n                    <p>Cavalheiro Engenharia &amp; Utilidades Ltda.\n                      <br>&nbsp;\n                      <br>Sorocaba- SP\n                      <br>Tel:&nbsp;(15) 99267-2879<\/p>\n                  <\/div>\n                <\/div>\n              <\/div>\n            <\/div>\n          <\/div>\n          <div class=\"h-column h-column-container d-flex h-col-lg-2 h-col-md-2 h-col-12 style-680-outer style-local-466-c24-outer\">\n            <div data-colibri-id=\"466-c24\" class=\"d-flex h-flex-basis h-column__inner h-ui-empty-state-container h-px-lg-0 h-px-md-0 h-px-0 v-inner-lg-0 v-inner-md-0 v-inner-0 style-680 style-local-466-c24 position-relative\">\n              <!---->\n              <!---->\n              <div class=\"w-100 h-y-container h-column__content h-column__v-align flex-basis-100\">\n                <!---->\n              <\/div>\n            <\/div>\n          <\/div>\n        <\/div>\n      <\/div>\n    <\/div>\n  <\/div>\n<\/div>","protected":false},"excerpt":{"rendered":"<p>Projetos de Expans\u00f5es Especiais para Unidades Fabril e Industriais Projetos industriais sob medida&nbsp; Projeto \u00e9 realizado junto ao cliente conforme as necessidade, em situa\u00e7\u00f5es especiais que demandam solu\u00e7\u00f5es &#8220;out-of-box&#8221; que possam ser incorporadas ao produto do projeto. Agende uma reuni\u00e3o com nossos especialistas Cavalheiro Engenharia &amp; Utilidades Ltda. &nbsp; Sorocaba- SP Tel:&nbsp;(15) 99267-2879<\/p>\n","protected":false},"author":2,"featured_media":0,"parent":0,"menu_order":0,"comment_status":"closed","ping_status":"closed","template":"page-templates\/homepage.php","meta":{"content-type":""},"yoast_head":"<!-- This site is optimized with the Yoast SEO plugin v21.7 - https:\/\/yoast.com\/wordpress\/plugins\/seo\/ -->\n<title>Projetos Especiais - Cavalheiro Engenharia &amp; Utilidades<\/title>\n<meta name=\"robots\" content=\"index, follow, max-snippet:-1, max-image-preview:large, max-video-preview:-1\" \/>\n<link rel=\"canonical\" href=\"https:\/\/cavalheiroengenharia.com.br\/index.php\/projetos-especiais\/\" \/>\n<meta property=\"og:locale\" content=\"en_US\" \/>\n<meta property=\"og:type\" content=\"article\" \/>\n<meta property=\"og:title\" content=\"Projetos Especiais - Cavalheiro Engenharia &amp; Utilidades\" \/>\n<meta property=\"og:description\" content=\"Projetos de Expans\u00f5es Especiais para Unidades Fabril e Industriais Projetos industriais sob medida&nbsp; Projeto \u00e9 realizado junto ao cliente conforme as necessidade, em situa\u00e7\u00f5es especiais que demandam solu\u00e7\u00f5es &#8220;out-of-box&#8221; que possam ser incorporadas ao produto do projeto. Agende uma reuni\u00e3o com nossos especialistas Cavalheiro Engenharia &amp; Utilidades Ltda. &nbsp; Sorocaba- SP Tel:&nbsp;(15) 99267-2879\" \/>\n<meta property=\"og:url\" content=\"https:\/\/cavalheiroengenharia.com.br\/index.php\/projetos-especiais\/\" \/>\n<meta property=\"og:site_name\" content=\"Cavalheiro Engenharia &amp; Utilidades\" \/>\n<meta property=\"article:modified_time\" content=\"2024-06-19T12:35:12+00:00\" \/>\n<meta property=\"og:image\" content=\"https:\/\/cavalheiroengenharia.com.br\/wp-content\/uploads\/2023\/07\/logos.png\" \/>\n<meta name=\"twitter:card\" content=\"summary_large_image\" \/>\n<script type=\"application\/ld+json\" class=\"yoast-schema-graph\">{\"@context\":\"https:\/\/schema.org\",\"@graph\":[{\"@type\":\"WebPage\",\"@id\":\"https:\/\/cavalheiroengenharia.com.br\/index.php\/projetos-especiais\/\",\"url\":\"https:\/\/cavalheiroengenharia.com.br\/index.php\/projetos-especiais\/\",\"name\":\"Projetos Especiais - Cavalheiro Engenharia &amp; Utilidades\",\"isPartOf\":{\"@id\":\"https:\/\/cavalheiroengenharia.com.br\/#website\"},\"datePublished\":\"2023-07-27T13:51:01+00:00\",\"dateModified\":\"2024-06-19T12:35:12+00:00\",\"breadcrumb\":{\"@id\":\"https:\/\/cavalheiroengenharia.com.br\/index.php\/projetos-especiais\/#breadcrumb\"},\"inLanguage\":\"en-US\",\"potentialAction\":[{\"@type\":\"ReadAction\",\"target\":[\"https:\/\/cavalheiroengenharia.com.br\/index.php\/projetos-especiais\/\"]}]},{\"@type\":\"BreadcrumbList\",\"@id\":\"https:\/\/cavalheiroengenharia.com.br\/index.php\/projetos-especiais\/#breadcrumb\",\"itemListElement\":[{\"@type\":\"ListItem\",\"position\":1,\"name\":\"In\u00edcio\",\"item\":\"https:\/\/cavalheiroengenharia.com.br\/index.php\/parcerias\/\"},{\"@type\":\"ListItem\",\"position\":2,\"name\":\"Projetos Especiais\"}]},{\"@type\":\"WebSite\",\"@id\":\"https:\/\/cavalheiroengenharia.com.br\/#website\",\"url\":\"https:\/\/cavalheiroengenharia.com.br\/\",\"name\":\"Cavalheiro Engenharia & Utilidades\",\"description\":\"\",\"publisher\":{\"@id\":\"https:\/\/cavalheiroengenharia.com.br\/#organization\"},\"potentialAction\":[{\"@type\":\"SearchAction\",\"target\":{\"@type\":\"EntryPoint\",\"urlTemplate\":\"https:\/\/cavalheiroengenharia.com.br\/?s={search_term_string}\"},\"query-input\":\"required name=search_term_string\"}],\"inLanguage\":\"en-US\"},{\"@type\":\"Organization\",\"@id\":\"https:\/\/cavalheiroengenharia.com.br\/#organization\",\"name\":\"Cavalheiro Engenharia & Utilidades\",\"url\":\"https:\/\/cavalheiroengenharia.com.br\/\",\"logo\":{\"@type\":\"ImageObject\",\"inLanguage\":\"en-US\",\"@id\":\"https:\/\/cavalheiroengenharia.com.br\/#\/schema\/logo\/image\/\",\"url\":\"https:\/\/cavalheiroengenharia.com.br\/wp-content\/uploads\/2023\/07\/logosb.png\",\"contentUrl\":\"https:\/\/cavalheiroengenharia.com.br\/wp-content\/uploads\/2023\/07\/logosb.png\",\"width\":1920,\"height\":471,\"caption\":\"Cavalheiro Engenharia & Utilidades\"},\"image\":{\"@id\":\"https:\/\/cavalheiroengenharia.com.br\/#\/schema\/logo\/image\/\"}}]}<\/script>\n<!-- \/ Yoast SEO plugin. -->","yoast_head_json":{"title":"Projetos Especiais - Cavalheiro Engenharia &amp; Utilidades","robots":{"index":"index","follow":"follow","max-snippet":"max-snippet:-1","max-image-preview":"max-image-preview:large","max-video-preview":"max-video-preview:-1"},"canonical":"https:\/\/cavalheiroengenharia.com.br\/index.php\/projetos-especiais\/","og_locale":"en_US","og_type":"article","og_title":"Projetos Especiais - Cavalheiro Engenharia &amp; Utilidades","og_description":"Projetos de Expans\u00f5es Especiais para Unidades Fabril e Industriais Projetos industriais sob medida&nbsp; Projeto \u00e9 realizado junto ao cliente conforme as necessidade, em situa\u00e7\u00f5es especiais que demandam solu\u00e7\u00f5es &#8220;out-of-box&#8221; que possam ser incorporadas ao produto do projeto. Agende uma reuni\u00e3o com nossos especialistas Cavalheiro Engenharia &amp; Utilidades Ltda. &nbsp; Sorocaba- SP Tel:&nbsp;(15) 99267-2879","og_url":"https:\/\/cavalheiroengenharia.com.br\/index.php\/projetos-especiais\/","og_site_name":"Cavalheiro Engenharia &amp; Utilidades","article_modified_time":"2024-06-19T12:35:12+00:00","og_image":[{"url":"https:\/\/cavalheiroengenharia.com.br\/wp-content\/uploads\/2023\/07\/logos.png"}],"twitter_card":"summary_large_image","schema":{"@context":"https:\/\/schema.org","@graph":[{"@type":"WebPage","@id":"https:\/\/cavalheiroengenharia.com.br\/index.php\/projetos-especiais\/","url":"https:\/\/cavalheiroengenharia.com.br\/index.php\/projetos-especiais\/","name":"Projetos Especiais - Cavalheiro Engenharia &amp; Utilidades","isPartOf":{"@id":"https:\/\/cavalheiroengenharia.com.br\/#website"},"datePublished":"2023-07-27T13:51:01+00:00","dateModified":"2024-06-19T12:35:12+00:00","breadcrumb":{"@id":"https:\/\/cavalheiroengenharia.com.br\/index.php\/projetos-especiais\/#breadcrumb"},"inLanguage":"en-US","potentialAction":[{"@type":"ReadAction","target":["https:\/\/cavalheiroengenharia.com.br\/index.php\/projetos-especiais\/"]}]},{"@type":"BreadcrumbList","@id":"https:\/\/cavalheiroengenharia.com.br\/index.php\/projetos-especiais\/#breadcrumb","itemListElement":[{"@type":"ListItem","position":1,"name":"In\u00edcio","item":"https:\/\/cavalheiroengenharia.com.br\/index.php\/parcerias\/"},{"@type":"ListItem","position":2,"name":"Projetos Especiais"}]},{"@type":"WebSite","@id":"https:\/\/cavalheiroengenharia.com.br\/#website","url":"https:\/\/cavalheiroengenharia.com.br\/","name":"Cavalheiro Engenharia & Utilidades","description":"","publisher":{"@id":"https:\/\/cavalheiroengenharia.com.br\/#organization"},"potentialAction":[{"@type":"SearchAction","target":{"@type":"EntryPoint","urlTemplate":"https:\/\/cavalheiroengenharia.com.br\/?s={search_term_string}"},"query-input":"required name=search_term_string"}],"inLanguage":"en-US"},{"@type":"Organization","@id":"https:\/\/cavalheiroengenharia.com.br\/#organization","name":"Cavalheiro Engenharia & Utilidades","url":"https:\/\/cavalheiroengenharia.com.br\/","logo":{"@type":"ImageObject","inLanguage":"en-US","@id":"https:\/\/cavalheiroengenharia.com.br\/#\/schema\/logo\/image\/","url":"https:\/\/cavalheiroengenharia.com.br\/wp-content\/uploads\/2023\/07\/logosb.png","contentUrl":"https:\/\/cavalheiroengenharia.com.br\/wp-content\/uploads\/2023\/07\/logosb.png","width":1920,"height":471,"caption":"Cavalheiro Engenharia & Utilidades"},"image":{"@id":"https:\/\/cavalheiroengenharia.com.br\/#\/schema\/logo\/image\/"}}]}},"_links":{"self":[{"href":"https:\/\/cavalheiroengenharia.com.br\/index.php\/wp-json\/wp\/v2\/pages\/466"}],"collection":[{"href":"https:\/\/cavalheiroengenharia.com.br\/index.php\/wp-json\/wp\/v2\/pages"}],"about":[{"href":"https:\/\/cavalheiroengenharia.com.br\/index.php\/wp-json\/wp\/v2\/types\/page"}],"author":[{"embeddable":true,"href":"https:\/\/cavalheiroengenharia.com.br\/index.php\/wp-json\/wp\/v2\/users\/2"}],"replies":[{"embeddable":true,"href":"https:\/\/cavalheiroengenharia.com.br\/index.php\/wp-json\/wp\/v2\/comments?post=466"}],"version-history":[{"count":10,"href":"https:\/\/cavalheiroengenharia.com.br\/index.php\/wp-json\/wp\/v2\/pages\/466\/revisions"}],"predecessor-version":[{"id":3281,"href":"https:\/\/cavalheiroengenharia.com.br\/index.php\/wp-json\/wp\/v2\/pages\/466\/revisions\/3281"}],"wp:attachment":[{"href":"https:\/\/cavalheiroengenharia.com.br\/index.php\/wp-json\/wp\/v2\/media?parent=466"}],"curies":[{"name":"wp","href":"https:\/\/api.w.org\/{rel}","templated":true}]}}